{"id":899,"date":"2014-07-10T11:09:59","date_gmt":"2014-07-10T14:09:59","guid":{"rendered":"http:\/\/gpaq.relevantes.com.br\/?page_id=899"},"modified":"2024-07-08T17:35:43","modified_gmt":"2024-07-08T20:35:43","slug":"objetivos","status":"publish","type":"page","link":"https:\/\/gpaq.com.br\/?page_id=899","title":{"rendered":"Objetivos"},"content":{"rendered":"<p>[et_pb_section fb_built=&#8221;1&#8243; fullwidth=&#8221;on&#8221; _builder_version=&#8221;3.22.7&#8243;][et_pb_fullwidth_header title=&#8221;OBJETIVOS&#8221; _builder_version=&#8221;3.22.7&#8243; title_font=&#8221;||||||||&#8221; title_text_align=&#8221;center&#8221; background_color=&#8221;#0c71c3&#8243;][\/et_pb_fullwidth_header][\/et_pb_section][et_pb_section fb_built=&#8221;1&#8243; admin_label=&#8221;section&#8221; _builder_version=&#8221;3.22.3&#8243;][et_pb_row _builder_version=&#8221;3.22.7&#8243;][et_pb_column type=&#8221;4_4&#8243; _builder_version=&#8221;3.22.7&#8243;][et_pb_text _builder_version=&#8221;3.22.7&#8243;]<\/p>\n<h2><span>O <\/span><strong>Grupo de Pesquisa em Atividade F\u00edsica e Qualidade de Vida (GPAQ<\/strong><span>) tem como objetivo:<\/span><\/h2>\n<p>&nbsp;<\/p>\n<p>1) Investigar e produzir evid\u00eancias no estudo dos determinantes sociais de sa\u00fade, epidemiologia comportamental, principalmente na rela\u00e7\u00e3o entre a atividade f\u00edsica e os aspectos que afetam a qualidade de vida de crian\u00e7as, adolescentes, adultos e idosos.<\/p>\n<p>2) Forma\u00e7\u00e3o de recursos humanos voltados para pesquisa e atua\u00e7\u00e3o profissional<span><\/span><\/p>\n<p><span><\/span><\/p>\n<h2><span>O <\/span><strong>GPAQ<\/strong><span> se organiza em tr\u00eas linhas de pesquisa:<\/span><\/h2>\n<p>&nbsp;<\/p>\n<p>1) Inter-rela\u00e7\u00e3o entre atividade f\u00edsica, aptid\u00e3o f\u00edsica e sa\u00fade<\/p>\n<p>2) Ambiente, estilo de vida e sa\u00fade<\/p>\n<p>3) Epidemiologia e Sa\u00fade P\u00fablica<\/p>\n<p>&nbsp;<\/p>\n<p>As linhas de pesquisa do <strong>GPAQ<\/strong>, embora independentes, complementam-se para o desenvolvimento do objetivo do grupo e est\u00e3o sustentadas na forma\u00e7\u00e3o acad\u00eamica de seus lideres e componentes.<\/p>\n<p>&nbsp;<\/p>\n<p>&nbsp;<\/p>\n<p>&nbsp;<\/p>\n<p><!-- \/wp:paragraph --><\/p>\n<p>&nbsp;<\/p>\n<p>&nbsp;<\/p>\n<p>[\/et_pb_text][\/et_pb_column][\/et_pb_row][\/et_pb_section]<\/p>\n","protected":false},"excerpt":{"rendered":"<p>[et_pb_section fb_built=&#8221;1&#8243; fullwidth=&#8221;on&#8221; _builder_version=&#8221;3.22.7&#8243;][et_pb_fullwidth_header title=&#8221;OBJETIVOS&#8221; _builder_version=&#8221;3.22.7&#8243; title_font=&#8221;||||||||&#8221; title_text_align=&#8221;center&#8221; background_color=&#8221;#0c71c3&#8243;][\/et_pb_fullwidth_header][\/et_pb_section][et_pb_section fb_built=&#8221;1&#8243; admin_label=&#8221;section&#8221; _builder_version=&#8221;3.22.3&#8243;][et_pb_row _builder_version=&#8221;3.22.7&#8243;][et_pb_column type=&#8221;4_4&#8243; _builder_version=&#8221;3.22.7&#8243;][et_pb_text _builder_version=&#8221;3.22.7&#8243;] O Grupo de Pesquisa em Atividade F\u00edsica e Qualidade de Vida (GPAQ) tem como objetivo: &nbsp; 1) Investigar e produzir evid\u00eancias no estudo dos determinantes sociais de sa\u00fade, epidemiologia comportamental, principalmente na rela\u00e7\u00e3o entre a atividade f\u00edsica e os [&hellip;]<\/p>\n","protected":false},"author":3,"featured_media":0,"parent":887,"menu_order":0,"comment_status":"open","ping_status":"open","template":"","meta":{"_et_pb_use_builder":"on","_et_pb_old_content":"<!-- wp:paragraph -->\n<p>O <strong>Grupo de Pesquisa em Atividade F\u00edsica e Qualidade de Vida (GPAQ<\/strong>) tem como objetivo investigar a rela\u00e7\u00e3o entre a <strong>atividade f\u00edsica<\/strong> e os aspectos que afetam a <strong>qualidade de vida<\/strong> de crian\u00e7as, adolescentes, adultos e idosos. O <strong>GPAQ<\/strong> se organiza em duas linhas de pesquisa, fundamentadas nas ci\u00eancias da sa\u00fade e humanas:<\/p>\n<!-- \/wp:paragraph -->\n\n<!-- wp:heading {\"level\":4} -->\n<h4>1) Inter-rela\u00e7\u00e3o entre atividade f\u00edsica, aptid\u00e3o f\u00edsica e sa\u00fade;<\/h4>\n<!-- \/wp:heading -->\n\n<!-- wp:heading {\"level\":4} -->\n<h4>2) Ambiente, estilo de vida e sa\u00fade.<\/h4>\n<!-- \/wp:heading -->\n\n<!-- wp:paragraph -->\n<p>As linhas de pesquisa do <strong>GPAQ<\/strong>, embora independentes, complementam-se para o desenvolvimento do objetivo do grupo e est\u00e3o sustentadas na forma\u00e7\u00e3o acad\u00eamica de seus lideres e componentes. <\/p>\n<!-- \/wp:paragraph -->\n\n<!-- wp:paragraph -->\n<p>Com base nas linhas de pesquisa, o grupo \u00e9 composto por <strong>diversas \u00e1reas do conhecimento<\/strong>: educa\u00e7\u00e3o f\u00edsica, nutri\u00e7\u00e3o, arquitetura, computa\u00e7\u00e3o, engenharia, fisioterapia, entre outras.<\/p>\n<!-- \/wp:paragraph -->","footnotes":""},"class_list":["post-899","page","type-page","status-publish","hentry"],"_links":{"self":[{"href":"https:\/\/gpaq.com.br\/index.php?rest_route=\/wp\/v2\/pages\/899","targetHints":{"allow":["GET"]}}],"collection":[{"href":"https:\/\/gpaq.com.br\/index.php?rest_route=\/wp\/v2\/pages"}],"about":[{"href":"https:\/\/gpaq.com.br\/index.php?rest_route=\/wp\/v2\/types\/page"}],"author":[{"embeddable":true,"href":"https:\/\/gpaq.com.br\/index.php?rest_route=\/wp\/v2\/users\/3"}],"replies":[{"embeddable":true,"href":"https:\/\/gpaq.com.br\/index.php?rest_route=%2Fwp%2Fv2%2Fcomments&post=899"}],"version-history":[{"count":4,"href":"https:\/\/gpaq.com.br\/index.php?rest_route=\/wp\/v2\/pages\/899\/revisions"}],"predecessor-version":[{"id":3382,"href":"https:\/\/gpaq.com.br\/index.php?rest_route=\/wp\/v2\/pages\/899\/revisions\/3382"}],"up":[{"embeddable":true,"href":"https:\/\/gpaq.com.br\/index.php?rest_route=\/wp\/v2\/pages\/887"}],"wp:attachment":[{"href":"https:\/\/gpaq.com.br\/index.php?rest_route=%2Fwp%2Fv2%2Fmedia&parent=899"}],"curies":[{"name":"wp","href":"https:\/\/api.w.org\/{rel}","templated":true}]}}