{"id":633,"date":"2014-07-07T14:03:47","date_gmt":"2014-07-07T17:03:47","guid":{"rendered":"http:\/\/gpaq.relevantes.com.br\/?page_id=633"},"modified":"2025-02-12T19:58:17","modified_gmt":"2025-02-12T22:58:17","slug":"downloads","status":"publish","type":"page","link":"https:\/\/gpaq.com.br\/?page_id=633","title":{"rendered":"Disserta\u00e7\u00f5es\/Teses"},"content":{"rendered":"<p>[et_pb_section fb_built=&#8221;1&#8243; fullwidth=&#8221;on&#8221; _builder_version=&#8221;3.22.7&#8243;][et_pb_fullwidth_header _builder_version=&#8221;3.22.7&#8243; background_color=&#8221;#0c71c3&#8243;]<\/p>\n<h1 style=\"text-align: center;\"><strong>DISSERTA\u00c7\u00d5ES E TESES<\/strong><\/h1>\n<p>[\/et_pb_fullwidth_header][\/et_pb_section][et_pb_section fb_built=&#8221;1&#8243; admin_label=&#8221;section&#8221; _builder_version=&#8221;3.22.3&#8243;][et_pb_row _builder_version=&#8221;3.22.7&#8243;][et_pb_column type=&#8221;1_2&#8243; _builder_version=&#8221;3.22.7&#8243;][et_pb_text _builder_version=&#8221;3.22.7&#8243;]<\/p>\n<p><strong>DISSERTA\u00c7\u00d5ES\u00a0<\/strong><\/p>\n<p><a href=\"http:\/\/www.pgedf.ufpr.br\/downloads\/DISSERTACAO\/2014\/Dissertacao%20-%20ADALBERTO%20A.%20DOS%20SANTOS%20LOPES.pdf\">Disserta\u00e7\u00e3o &#8211; Adalberto Aparecido dos Santos\u00a0Lopes<\/a><\/p>\n<p><a href=\"http:\/\/acervodigital.ufpr.br\/bitstream\/handle\/1884\/25496\/Dissertacao{fccfc85d991b6430b03683fe11dac1d535c602469f0eae78840a45bbce61fa62}20-{fccfc85d991b6430b03683fe11dac1d535c602469f0eae78840a45bbce61fa62}20Adriano{fccfc85d991b6430b03683fe11dac1d535c602469f0eae78840a45bbce61fa62}20Akira{fccfc85d991b6430b03683fe11dac1d535c602469f0eae78840a45bbce61fa62}20F.{fccfc85d991b6430b03683fe11dac1d535c602469f0eae78840a45bbce61fa62}20Hino.pdf?sequence=1\">Disserta\u00e7\u00e3o \u2013 Adriano Akira Ferreira Hino<\/a><span>\u00a0<\/span><\/p>\n<p><a href=\"http:\/\/www.pgedf.ufpr.br\/downloads\/DISSERTACAO\/2013\/Dissertacao{fccfc85d991b6430b03683fe11dac1d535c602469f0eae78840a45bbce61fa62}20Alex{fccfc85d991b6430b03683fe11dac1d535c602469f0eae78840a45bbce61fa62}20Vieira{fccfc85d991b6430b03683fe11dac1d535c602469f0eae78840a45bbce61fa62}20Lima.pdf\">Disserta\u00e7\u00e3o \u2013 Alex Vieira Lima<\/a><\/p>\n<p><a href=\"https:\/\/acervodigital.ufpr.br\/bitstream\/handle\/1884\/53391\/R%20-%20D%20-%20ALEXANDRE%20AUGUSTO%20DE%20PAULA%20DA%20SILVA.pdf?sequence=1&amp;isAllowed=y\">Disserta\u00e7\u00e3o &#8211; Alexandre Augusto de Paula da Silva<\/a><\/p>\n<p><a href=\"https:\/\/acervodigital.ufpr.br\/bitstream\/handle\/1884\/56932\/R%20-%20E%20-%20ALICE%20TATIANE%20DA%20SILVA.pdf?sequence=1&amp;isAllowed=y\">Disserta\u00e7\u00e3o &#8211; Alice Tatiane da Silva<\/a><\/p>\n<p><a href=\"https:\/\/www.acervodigital.ufpr.br\/bitstream\/handle\/1884\/20923\/Cassou%20%282009%29%20Caracteristicas%20ambientais%2c%20frequencia%20de%20utilizacao%20e%20atividade%20fisica.pdf?sequence=1&amp;isAllowed=y\">Disserta\u00e7\u00e3o &#8211; Ana Carina Naldino Cassou<\/a><\/p>\n<p><a href=\"https:\/\/sucupira.capes.gov.br\/sucupira\/public\/consultas\/coleta\/trabalhoConclusao\/viewTrabalhoConclusao.jsf?popup=true&amp;id_trabalho=7055175#\">Disserta\u00e7\u00e3o &#8211; Bruno Czestschuk<\/a><\/p>\n<p><a href=\"http:\/\/www.pgedf.ufpr.br\/downloads\/DISSERTACAO\/2014\/Disserta%C3%A7%C3%A3o%20Carla%20Adriane%20de%20Souza.pdf\">Disserta\u00e7\u00e3o &#8211; Carla Adriane de Souza<\/a><\/p>\n<p><a href=\"http:\/\/www.pgedf.ufpr.br\/downloads\/DISSERTACAO\/2015\/DISSERTA%C3%87%C3%83O%20Claudia%20Oliveira%20Alberico.pdf\">Disserta\u00e7\u00e3o &#8211; Claudia Oliveira Alberico<\/a><\/p>\n<p><a href=\"http:\/\/www.pgedf.ufpr.br\/downloads\/DISSERTACAO\/2014\/R%20-%20D%20-%20CRISLEY%20VANESSA%20PRADO.pdf\">Disserta\u00e7\u00e3o \u2013 Crisley Vanessa Prado<\/a><\/p>\n<p><a href=\"http:\/\/acervodigital.ufpr.br\/bitstream\/handle\/1884\/27887\/R{fccfc85d991b6430b03683fe11dac1d535c602469f0eae78840a45bbce61fa62}20-{fccfc85d991b6430b03683fe11dac1d535c602469f0eae78840a45bbce61fa62}20D{fccfc85d991b6430b03683fe11dac1d535c602469f0eae78840a45bbce61fa62}20-{fccfc85d991b6430b03683fe11dac1d535c602469f0eae78840a45bbce61fa62}20EDINA{fccfc85d991b6430b03683fe11dac1d535c602469f0eae78840a45bbce61fa62}20MARIA{fccfc85d991b6430b03683fe11dac1d535c602469f0eae78840a45bbce61fa62}20DE{fccfc85d991b6430b03683fe11dac1d535c602469f0eae78840a45bbce61fa62}20CAMARGO.pdf?sequence=1\">Disserta\u00e7\u00e3o \u2013 Edina Maria de Camargo<\/a><\/p>\n<p><a href=\"https:\/\/pergamum-biblioteca.pucpr.br\/acervo\/355872\">Disserta\u00e7\u00e3o \u2013 Eduardo Ferreira M\u00e9dici<\/a><\/p>\n<p>Disserta\u00e7\u00e3o \u2013 Evellin Braz de Souza<\/p>\n<p><a href=\"http:\/\/acervodigital.ufpr.br\/bitstream\/handle\/1884\/25843\/Dissertacao{fccfc85d991b6430b03683fe11dac1d535c602469f0eae78840a45bbce61fa62}20Gabrielle{fccfc85d991b6430b03683fe11dac1d535c602469f0eae78840a45bbce61fa62}20Pucci{fccfc85d991b6430b03683fe11dac1d535c602469f0eae78840a45bbce61fa62}20-{fccfc85d991b6430b03683fe11dac1d535c602469f0eae78840a45bbce61fa62}20QUALIDADE{fccfc85d991b6430b03683fe11dac1d535c602469f0eae78840a45bbce61fa62}20DE{fccfc85d991b6430b03683fe11dac1d535c602469f0eae78840a45bbce61fa62}20VIDA{fccfc85d991b6430b03683fe11dac1d535c602469f0eae78840a45bbce61fa62}20E{fccfc85d991b6430b03683fe11dac1d535c602469f0eae78840a45bbce61fa62}20ATIVIDADE{fccfc85d991b6430b03683fe11dac1d535c602469f0eae78840a45bbce61fa62}20FISICA{fccfc85d991b6430b03683fe11dac1d535c602469f0eae78840a45bbce61fa62}20EM{fccfc85d991b6430b03683fe11dac1d535c602469f0eae78840a45bbce61fa62}20ADULTOS{fccfc85d991b6430b03683fe11dac1d535c602469f0eae78840a45bbce61fa62}20RESIDENTES{fccfc85d991b6430b03683fe11dac1d535c602469f0eae78840a45bbce61fa62}20NA{fccfc85d991b6430b03683fe11dac1d535c602469f0eae78840a45bbce61fa62}20CIDADE{fccfc85d991b6430b03683fe11dac1d535c602469f0eae78840a45bbce61fa62}20DE{fccfc85d991b6430b03683fe11dac1d535c602469f0eae78840a45bbce61fa62}20CURITIBA-PR.pdf?sequence=1\">Disserta\u00e7\u00e3o \u2013 Gabrielle Cristine Moura Fernandes Pucci<\/a><\/p>\n<p><a href=\"https:\/\/gpaq.com.br\/wp-content\/uploads\/2019\/10\/Dissertac%CC%A7a%CC%83o-Hermes-Koller-de-Paiva.pdf\">Disserta\u00e7\u00e3o &#8211; Hermes Koller de Paiva<\/a><\/p>\n<p><a href=\"http:\/\/www.pgedf.ufpr.br\/downloads\/DISSERTACAO\/2016\/DISSERTA%C3%87%C3%83O%20-%20Jeruza%20Sech%20Buck%20Silva.pdf\">Disserta\u00e7\u00e3o &#8211; Jeruza Sech Buck Silva<\/a><\/p>\n<p><a href=\"http:\/\/acervodigital.ufpr.br\/bitstream\/handle\/1884\/42455\/R{fccfc85d991b6430b03683fe11dac1d535c602469f0eae78840a45bbce61fa62}20-{fccfc85d991b6430b03683fe11dac1d535c602469f0eae78840a45bbce61fa62}20D{fccfc85d991b6430b03683fe11dac1d535c602469f0eae78840a45bbce61fa62}20-{fccfc85d991b6430b03683fe11dac1d535c602469f0eae78840a45bbce61fa62}20LEONARDO{fccfc85d991b6430b03683fe11dac1d535c602469f0eae78840a45bbce61fa62}20AUGUSTO{fccfc85d991b6430b03683fe11dac1d535c602469f0eae78840a45bbce61fa62}20BECKER.pdf?sequence=1\">Disserta\u00e7\u00e3o &#8211; Leonardo Augusto Becker<\/a><\/p>\n<p><a href=\"https:\/\/pergamum-biblioteca.pucpr.br\/acervo\/356920?_gl=1*1mdyvk5*_gcl_au*MjA5MzQxMzI0Ni4xNzE3OTMxODEw*_ga*OTgxMzUwNjMuMTY5MDI1MDcwNQ..*_ga_11M5C4PYGB*MTcyMDIwMzI0Ny4zNS4xLjE3MjAyMDMyNzUuMzIuMC4xNDQ3MjQ1ODYy\">Disserta\u00e7\u00e3o \u2013 Leticia Dias Padua Pires<\/a><\/p>\n<p><a href=\"http:\/\/www.biblioteca.pucpr.br\/pergamum\/biblioteca\/img.php?arquivo=\/000080\/0000806c.pdf\">Disserta\u00e7\u00e3o &#8211; Mara\u00edsa do Nascimento<\/a><\/p>\n<p><a href=\"http:\/\/acervodigital.ufpr.br\/bitstream\/handle\/1884\/18860\/dissertacao_versao_final.pdf?sequence=1&amp;isAllowed=y\">Disserta\u00e7\u00e3o &#8211; Marcelo Ponestki Oliveira<\/a><\/p>\n<p><a href=\"http:\/\/acervodigital.ufpr.br\/bitstream\/handle\/1884\/24219\/DISSERTACAO{fccfc85d991b6430b03683fe11dac1d535c602469f0eae78840a45bbce61fa62}20MARIANA{fccfc85d991b6430b03683fe11dac1d535c602469f0eae78840a45bbce61fa62}20S.{fccfc85d991b6430b03683fe11dac1d535c602469f0eae78840a45bbce61fa62}20SANTOS_2010.pdf?sequence=1&amp;isAllowed=y\">Disserta\u00e7\u00e3o \u2013 Mariana Silva Santos<\/a><\/p>\n<p><a href=\"http:\/\/acervodigital.ufpr.br\/bitstream\/handle\/1884\/27327\/MARILSON{fccfc85d991b6430b03683fe11dac1d535c602469f0eae78840a45bbce61fa62}20KIENTEKA{fccfc85d991b6430b03683fe11dac1d535c602469f0eae78840a45bbce61fa62}20-{fccfc85d991b6430b03683fe11dac1d535c602469f0eae78840a45bbce61fa62}20DISSERTACAO{fccfc85d991b6430b03683fe11dac1d535c602469f0eae78840a45bbce61fa62}20FINAL{fccfc85d991b6430b03683fe11dac1d535c602469f0eae78840a45bbce61fa62}20-{fccfc85d991b6430b03683fe11dac1d535c602469f0eae78840a45bbce61fa62}2004192012.pdf?sequence=1\">Disserta\u00e7\u00e3o \u2013 Marilson Kienteka<\/a><\/p>\n<p><a href=\"https:\/\/pergamum-biblioteca.pucpr.br\/acervo\/357656\">Disserta\u00e7\u00e3o \u2013 Milena Franco Silva<\/a><\/p>\n<p><a href=\"http:\/\/acervodigital.ufpr.br\/bitstream\/handle\/1884\/28350\/R{fccfc85d991b6430b03683fe11dac1d535c602469f0eae78840a45bbce61fa62}20-{fccfc85d991b6430b03683fe11dac1d535c602469f0eae78840a45bbce61fa62}20D{fccfc85d991b6430b03683fe11dac1d535c602469f0eae78840a45bbce61fa62}20-{fccfc85d991b6430b03683fe11dac1d535c602469f0eae78840a45bbce61fa62}20PRISCILA{fccfc85d991b6430b03683fe11dac1d535c602469f0eae78840a45bbce61fa62}20BEZERRA{fccfc85d991b6430b03683fe11dac1d535c602469f0eae78840a45bbce61fa62}20GONCALVES.pdf?sequence=1\">Disserta\u00e7\u00e3o \u2013 Priscila Bezerra Gon\u00e7alves<\/a><\/p>\n<p><a href=\"http:\/\/www.educadores.diaadia.pr.gov.br\/arquivos\/File\/2010\/artigos_teses\/EDUCACAO_FISICA\/dissertacao\/Reis_atividade_fisica.pdf\">Disserta\u00e7\u00e3o \u2013 Rodrigo Siqueira Reis<\/a><\/p>\n<p><a href=\"http:\/\/www.pgedf.ufpr.br\/downloads\/DISSERTACAO\/2015\/Disserta%C3%A7%C3%A3o%20Tais%20Taiana%20Sarabia.pdf\">Disserta\u00e7\u00e3o &#8211; Tais Taiana Sarabia<\/a><\/p>\n<p><a href=\"https:\/\/pergamum-biblioteca.pucpr.br\/acervo\/353326?_gl=1*5pdt7n*_gcl_au*MjA5MzQxMzI0Ni4xNzE3OTMxODEw*_ga*OTgxMzUwNjMuMTY5MDI1MDcwNQ..*_ga_11M5C4PYGB*MTcyMDIwMzI0Ny4zNS4xLjE3MjAyMDM2NzEuNjAuMC4xNDQ3MjQ1ODYy\">Disserta\u00e7\u00e3o \u2013 Thamires Gabrielly dos Santos Coco<\/a><\/p>\n<p>[\/et_pb_text][\/et_pb_column][et_pb_column type=&#8221;1_2&#8243; _builder_version=&#8221;3.22.7&#8243;][et_pb_text _builder_version=&#8221;3.22.7&#8243;]<\/p>\n<p><strong>TESES<\/strong><\/p>\n<p>\u00a0<a href=\"https:\/\/acervodigital.ufpr.br\/bitstream\/handle\/1884\/61891\/R%20-%20T%20-%20ADALBERTO%20APARECIDO%20DOS%20SANTOS%20LOPES.pdf?sequence=1&amp;isAllowed=y\">Tese &#8211; Adalberto A. dos Santos<\/a><\/p>\n<p><a href=\"http:\/\/www.pgedf.ufpr.br\/downloads\/TESES\/2014\/TESE_Adriano%20Akira%20Ferreira%20Hino.pdf\">Tese &#8211; Adriano Akira Ferreira Hino<\/a><\/p>\n<p><a href=\"https:\/\/pergamum-biblioteca.pucpr.br\/acervo\/371511?_gl=1*mwllwi*_gcl_au*MTAyNjk3OTQ1Mi4xNzM4OTQwOTQ5*_ga*MTU3OTEwMTk2MC4xNzM4OTQwOTUw*_ga_11M5C4PYGB*MTczOTQwMDc3Ny4zLjEuMTczOTQwMDc4Mi41NS4wLjE4MjUwMDc3OTA.\">Tese \u2013 Alexandre Augusto de Paula da Silva<\/a><\/p>\n<p><a href=\"http:\/\/www.pgedf.ufpr.br\/downloads\/TESES\/2013\/Tese%20Cassiano%20Ricardo%20Rech.pdf\">Tese \u2013 Cassiano Ricardo Rech<\/a><\/p>\n<p><a href=\"https:\/\/repositorio.ufsc.br\/bitstream\/handle\/123456789\/84715\/194330.pdf?seq\">Tese &#8211; Ciro Romelio Rodriguez A\u00f1ez<\/a><\/p>\n<p><a href=\"https:\/\/acervodigital.ufpr.br\/xmlui\/bitstream\/handle\/1884\/72595\/R%20-%20T%20-%20LEONARDO%20AUGUSTO%20BECKER.pdf?sequence=1&amp;isAllowed=y\">Tese &#8211; Leonardo Augusto Becker<\/a><\/p>\n<p><a href=\"https:\/\/acervodigital.ufpr.br\/bitstream\/handle\/1884\/52999\/R%20-%20T%20-%20MARILSON%20KIENTEKA.pdf?sequence=1\">Tese &#8211; Marilson Kienteka<\/a><\/p>\n<p><a href=\"https:\/\/acervodigital.ufpr.br\/bitstream\/handle\/1884\/49424\/R%20-%20T%20-%20PRISCILA%20BEZERRA%20GONCALVES.pdf?sequence=1&amp;isAllowed=y\">Tese &#8211; Priscila Bezerra Gon\u00e7alves<\/a><\/p>\n<p><a href=\"https:\/\/core.ac.uk\/download\/pdf\/30382866.pdf\">Tese \u2013 Rodrigo Siqueira Reis<\/a><\/p>\n<p><a href=\"https:\/\/www.acervodigital.ufpr.br\/bitstream\/handle\/1884\/27982\/R%20-%20T%20-%20ROGERIO%20CESAR%20FERMINO.pdf%3Bsequence=1\">Tese \u2013 Rog\u00e9rio Cesar Fermino<\/a><\/p>\n<p>[\/et_pb_text][\/et_pb_column][\/et_pb_row][\/et_pb_section]<\/p>\n","protected":false},"excerpt":{"rendered":"<p>[et_pb_section fb_built=&#8221;1&#8243; fullwidth=&#8221;on&#8221; _builder_version=&#8221;3.22.7&#8243;][et_pb_fullwidth_header _builder_version=&#8221;3.22.7&#8243; background_color=&#8221;#0c71c3&#8243;] DISSERTA\u00c7\u00d5ES E TESES [\/et_pb_fullwidth_header][\/et_pb_section][et_pb_section fb_built=&#8221;1&#8243; admin_label=&#8221;section&#8221; _builder_version=&#8221;3.22.3&#8243;][et_pb_row _builder_version=&#8221;3.22.7&#8243;][et_pb_column type=&#8221;1_2&#8243; _builder_version=&#8221;3.22.7&#8243;][et_pb_text _builder_version=&#8221;3.22.7&#8243;] DISSERTA\u00c7\u00d5ES\u00a0 Disserta\u00e7\u00e3o &#8211; Adalberto Aparecido dos Santos\u00a0Lopes Disserta\u00e7\u00e3o \u2013 Adriano Akira Ferreira Hino\u00a0 Disserta\u00e7\u00e3o \u2013 Alex Vieira Lima Disserta\u00e7\u00e3o &#8211; Alexandre Augusto de Paula da Silva Disserta\u00e7\u00e3o &#8211; Alice Tatiane da Silva Disserta\u00e7\u00e3o &#8211; Ana Carina Naldino Cassou [&hellip;]<\/p>\n","protected":false},"author":3,"featured_media":0,"parent":0,"menu_order":0,"comment_status":"open","ping_status":"closed","template":"","meta":{"_et_pb_use_builder":"on","_et_pb_old_content":"<a href=\"http:\/\/www.pgedf.ufpr.br\/downloads\/DISSERTACAO\/2014\/Dissertacao%20-%20ADALBERTO%20A.%20DOS%20SANTOS%20LOPES.pdf\">Disserta\u00e7\u00e3o - Adalberto Aparecido dos Santos\u00a0Lopes<\/a>\n\n<a href=\"http:\/\/acervodigital.ufpr.br\/bitstream\/handle\/1884\/25496\/Dissertacao{fccfc85d991b6430b03683fe11dac1d535c602469f0eae78840a45bbce61fa62}20-{fccfc85d991b6430b03683fe11dac1d535c602469f0eae78840a45bbce61fa62}20Adriano{fccfc85d991b6430b03683fe11dac1d535c602469f0eae78840a45bbce61fa62}20Akira{fccfc85d991b6430b03683fe11dac1d535c602469f0eae78840a45bbce61fa62}20F.{fccfc85d991b6430b03683fe11dac1d535c602469f0eae78840a45bbce61fa62}20Hino.pdf?sequence=1\">Disserta\u00e7\u00e3o \u2013 Adriano Akira Ferreira Hino<\/a>\n\n<a href=\"http:\/\/www.pgedf.ufpr.br\/downloads\/DISSERTACAO\/2013\/Dissertacao{fccfc85d991b6430b03683fe11dac1d535c602469f0eae78840a45bbce61fa62}20Alex{fccfc85d991b6430b03683fe11dac1d535c602469f0eae78840a45bbce61fa62}20Vieira{fccfc85d991b6430b03683fe11dac1d535c602469f0eae78840a45bbce61fa62}20Lima.pdf\">Disserta\u00e7\u00e3o \u2013 Alex Vieira Lima<\/a>\n\n<a href=\"https:\/\/acervodigital.ufpr.br\/bitstream\/handle\/1884\/53391\/R%20-%20D%20-%20ALEXANDRE%20AUGUSTO%20DE%20PAULA%20DA%20SILVA.pdf?sequence=1&amp;isAllowed=y\">Disserta\u00e7\u00e3o - Alexandre Augusto de Paula da Silva<\/a>\n\n<a href=\"https:\/\/acervodigital.ufpr.br\/bitstream\/handle\/1884\/56932\/R%20-%20E%20-%20ALICE%20TATIANE%20DA%20SILVA.pdf?sequence=1&amp;isAllowed=y\">Disserta\u00e7\u00e3o - Alice Tatiane da Silva<\/a>\n\n<a href=\"https:\/\/www.acervodigital.ufpr.br\/bitstream\/handle\/1884\/20923\/Cassou%20%282009%29%20Caracteristicas%20ambientais%2c%20frequencia%20de%20utilizacao%20e%20atividade%20fisica.pdf?sequence=1&amp;isAllowed=y\">Disserta\u00e7\u00e3o - Ana Carina Naldino Cassou<\/a>\n\n<a href=\"https:\/\/sucupira.capes.gov.br\/sucupira\/public\/consultas\/coleta\/trabalhoConclusao\/viewTrabalhoConclusao.jsf?popup=true&amp;id_trabalho=7055175#\">Disserta\u00e7\u00e3o - Bruno Czestschuk<\/a>\n\n<a href=\"http:\/\/www.pgedf.ufpr.br\/downloads\/DISSERTACAO\/2014\/Disserta%C3%A7%C3%A3o%20Carla%20Adriane%20de%20Souza.pdf\">Disserta\u00e7\u00e3o - Carla Adriane de Souza<\/a>\n\n<a href=\"http:\/\/www.pgedf.ufpr.br\/downloads\/DISSERTACAO\/2015\/DISSERTA%C3%87%C3%83O%20Claudia%20Oliveira%20Alberico.pdf\">Disserta\u00e7\u00e3o - Claudia Oliveira Alberico<\/a>\n\n<a href=\"http:\/\/www.pgedf.ufpr.br\/downloads\/DISSERTACAO\/2014\/R%20-%20D%20-%20CRISLEY%20VANESSA%20PRADO.pdf\">Disserta\u00e7\u00e3o \u2013 Crisley Vanessa Prado<\/a>\n\n<a href=\"http:\/\/acervodigital.ufpr.br\/bitstream\/handle\/1884\/27887\/R{fccfc85d991b6430b03683fe11dac1d535c602469f0eae78840a45bbce61fa62}20-{fccfc85d991b6430b03683fe11dac1d535c602469f0eae78840a45bbce61fa62}20D{fccfc85d991b6430b03683fe11dac1d535c602469f0eae78840a45bbce61fa62}20-{fccfc85d991b6430b03683fe11dac1d535c602469f0eae78840a45bbce61fa62}20EDINA{fccfc85d991b6430b03683fe11dac1d535c602469f0eae78840a45bbce61fa62}20MARIA{fccfc85d991b6430b03683fe11dac1d535c602469f0eae78840a45bbce61fa62}20DE{fccfc85d991b6430b03683fe11dac1d535c602469f0eae78840a45bbce61fa62}20CAMARGO.pdf?sequence=1\">Disserta\u00e7\u00e3o \u2013 Edina Maria de Camargo<\/a>\n\n<a href=\"https:\/\/pergamum-biblioteca.pucpr.br\/acervo\/355872\">Disserta\u00e7\u00e3o \u2013 Eduardo Ferreira M\u00e9dici<\/a>\n\nDisserta\u00e7\u00e3o \u2013 Evellin Braz de Souza\n\n<a href=\"http:\/\/acervodigital.ufpr.br\/bitstream\/handle\/1884\/25843\/Dissertacao{fccfc85d991b6430b03683fe11dac1d535c602469f0eae78840a45bbce61fa62}20Gabrielle{fccfc85d991b6430b03683fe11dac1d535c602469f0eae78840a45bbce61fa62}20Pucci{fccfc85d991b6430b03683fe11dac1d535c602469f0eae78840a45bbce61fa62}20-{fccfc85d991b6430b03683fe11dac1d535c602469f0eae78840a45bbce61fa62}20QUALIDADE{fccfc85d991b6430b03683fe11dac1d535c602469f0eae78840a45bbce61fa62}20DE{fccfc85d991b6430b03683fe11dac1d535c602469f0eae78840a45bbce61fa62}20VIDA{fccfc85d991b6430b03683fe11dac1d535c602469f0eae78840a45bbce61fa62}20E{fccfc85d991b6430b03683fe11dac1d535c602469f0eae78840a45bbce61fa62}20ATIVIDADE{fccfc85d991b6430b03683fe11dac1d535c602469f0eae78840a45bbce61fa62}20FISICA{fccfc85d991b6430b03683fe11dac1d535c602469f0eae78840a45bbce61fa62}20EM{fccfc85d991b6430b03683fe11dac1d535c602469f0eae78840a45bbce61fa62}20ADULTOS{fccfc85d991b6430b03683fe11dac1d535c602469f0eae78840a45bbce61fa62}20RESIDENTES{fccfc85d991b6430b03683fe11dac1d535c602469f0eae78840a45bbce61fa62}20NA{fccfc85d991b6430b03683fe11dac1d535c602469f0eae78840a45bbce61fa62}20CIDADE{fccfc85d991b6430b03683fe11dac1d535c602469f0eae78840a45bbce61fa62}20DE{fccfc85d991b6430b03683fe11dac1d535c602469f0eae78840a45bbce61fa62}20CURITIBA-PR.pdf?sequence=1\">Disserta\u00e7\u00e3o \u2013 Gabrielle Cristine Moura Fernandes Pucci<\/a>\n\n<a href=\"https:\/\/gpaq.com.br\/wp-content\/uploads\/2019\/10\/Dissertac%CC%A7a%CC%83o-Hermes-Koller-de-Paiva.pdf\">Disserta\u00e7\u00e3o - Hermes Koller de Paiva<\/a>\n\n<a href=\"http:\/\/www.pgedf.ufpr.br\/downloads\/DISSERTACAO\/2016\/DISSERTA%C3%87%C3%83O%20-%20Jeruza%20Sech%20Buck%20Silva.pdf\">Disserta\u00e7\u00e3o - Jeruza Sech Buck Silva<\/a>\n\n<a href=\"http:\/\/acervodigital.ufpr.br\/bitstream\/handle\/1884\/42455\/R{fccfc85d991b6430b03683fe11dac1d535c602469f0eae78840a45bbce61fa62}20-{fccfc85d991b6430b03683fe11dac1d535c602469f0eae78840a45bbce61fa62}20D{fccfc85d991b6430b03683fe11dac1d535c602469f0eae78840a45bbce61fa62}20-{fccfc85d991b6430b03683fe11dac1d535c602469f0eae78840a45bbce61fa62}20LEONARDO{fccfc85d991b6430b03683fe11dac1d535c602469f0eae78840a45bbce61fa62}20AUGUSTO{fccfc85d991b6430b03683fe11dac1d535c602469f0eae78840a45bbce61fa62}20BECKER.pdf?sequence=1\">Disserta\u00e7\u00e3o - Leonardo Augusto Becker<\/a>\n\n<a href=\"https:\/\/pergamum-biblioteca.pucpr.br\/acervo\/356920?_gl=1*1mdyvk5*_gcl_au*MjA5MzQxMzI0Ni4xNzE3OTMxODEw*_ga*OTgxMzUwNjMuMTY5MDI1MDcwNQ..*_ga_11M5C4PYGB*MTcyMDIwMzI0Ny4zNS4xLjE3MjAyMDMyNzUuMzIuMC4xNDQ3MjQ1ODYy\">Disserta\u00e7\u00e3o \u2013 Leticia Dias Padua Pires<\/a>\n\n<a href=\"http:\/\/www.biblioteca.pucpr.br\/pergamum\/biblioteca\/img.php?arquivo=\/000080\/0000806c.pdf\">Disserta\u00e7\u00e3o - Mara\u00edsa do Nascimento<\/a>\n\n<a href=\"http:\/\/acervodigital.ufpr.br\/bitstream\/handle\/1884\/18860\/dissertacao_versao_final.pdf?sequence=1&amp;isAllowed=y\">Disserta\u00e7\u00e3o - Marcelo Ponestki Oliveira<\/a>\n\n<a href=\"http:\/\/acervodigital.ufpr.br\/bitstream\/handle\/1884\/24219\/DISSERTACAO{fccfc85d991b6430b03683fe11dac1d535c602469f0eae78840a45bbce61fa62}20MARIANA{fccfc85d991b6430b03683fe11dac1d535c602469f0eae78840a45bbce61fa62}20S.{fccfc85d991b6430b03683fe11dac1d535c602469f0eae78840a45bbce61fa62}20SANTOS_2010.pdf?sequence=1&amp;isAllowed=y\">Disserta\u00e7\u00e3o \u2013 Mariana Silva Santos<\/a>\n\n<a href=\"http:\/\/acervodigital.ufpr.br\/bitstream\/handle\/1884\/27327\/MARILSON{fccfc85d991b6430b03683fe11dac1d535c602469f0eae78840a45bbce61fa62}20KIENTEKA{fccfc85d991b6430b03683fe11dac1d535c602469f0eae78840a45bbce61fa62}20-{fccfc85d991b6430b03683fe11dac1d535c602469f0eae78840a45bbce61fa62}20DISSERTACAO{fccfc85d991b6430b03683fe11dac1d535c602469f0eae78840a45bbce61fa62}20FINAL{fccfc85d991b6430b03683fe11dac1d535c602469f0eae78840a45bbce61fa62}20-{fccfc85d991b6430b03683fe11dac1d535c602469f0eae78840a45bbce61fa62}2004192012.pdf?sequence=1\">Disserta\u00e7\u00e3o \u2013 Marilson Kienteka<\/a>\n\n<a href=\"https:\/\/pergamum-biblioteca.pucpr.br\/acervo\/357656\">Disserta\u00e7\u00e3o \u2013 Milena Franco Silva<\/a>\n\n<a href=\"https:\/\/pergamum-biblioteca.pucpr.br\/acervo\/359165\">Disserta\u00e7\u00e3o \u2013 Mychelle Fontoura Jung<\/a>\n\n<a href=\"http:\/\/acervodigital.ufpr.br\/bitstream\/handle\/1884\/28350\/R{fccfc85d991b6430b03683fe11dac1d535c602469f0eae78840a45bbce61fa62}20-{fccfc85d991b6430b03683fe11dac1d535c602469f0eae78840a45bbce61fa62}20D{fccfc85d991b6430b03683fe11dac1d535c602469f0eae78840a45bbce61fa62}20-{fccfc85d991b6430b03683fe11dac1d535c602469f0eae78840a45bbce61fa62}20PRISCILA{fccfc85d991b6430b03683fe11dac1d535c602469f0eae78840a45bbce61fa62}20BEZERRA{fccfc85d991b6430b03683fe11dac1d535c602469f0eae78840a45bbce61fa62}20GONCALVES.pdf?sequence=1\">Disserta\u00e7\u00e3o \u2013 Priscila Bezerra Gon\u00e7alves<\/a>\n\n<a href=\"http:\/\/www.educadores.diaadia.pr.gov.br\/arquivos\/File\/2010\/artigos_teses\/EDUCACAO_FISICA\/dissertacao\/Reis_atividade_fisica.pdf\">Disserta\u00e7\u00e3o \u2013 Rodrigo Siqueira Reis<\/a>\n\n<a href=\"http:\/\/www.pgedf.ufpr.br\/downloads\/DISSERTACAO\/2015\/Disserta%C3%A7%C3%A3o%20Tais%20Taiana%20Sarabia.pdf\">Disserta\u00e7\u00e3o - Tais Taiana Sarabia<\/a>\n\n<a href=\"https:\/\/pergamum-biblioteca.pucpr.br\/acervo\/353326?_gl=1*5pdt7n*_gcl_au*MjA5MzQxMzI0Ni4xNzE3OTMxODEw*_ga*OTgxMzUwNjMuMTY5MDI1MDcwNQ..*_ga_11M5C4PYGB*MTcyMDIwMzI0Ny4zNS4xLjE3MjAyMDM2NzEuNjAuMC4xNDQ3MjQ1ODYy\">Disserta\u00e7\u00e3o \u2013 Thamires Gabrielly dos Santos Coco<\/a>\n\n<a href=\"https:\/\/acervodigital.ufpr.br\/bitstream\/handle\/1884\/61891\/R%20-%20T%20-%20ADALBERTO%20APARECIDO%20DOS%20SANTOS%20LOPES.pdf?sequence=1&amp;isAllowed=y\">Tese - Adalberto A. dos Santos<\/a>\n\n<a href=\"http:\/\/www.pgedf.ufpr.br\/downloads\/TESES\/2014\/TESE_Adriano%20Akira%20Ferreira%20Hino.pdf\">Tese - Adriano Akira Ferreira Hino<\/a>\n\nTese \u2013 Alexandre Augusto de Paula da Silva (conclu\u00eddo em abril\/2024)\n\n<a href=\"http:\/\/www.pgedf.ufpr.br\/downloads\/TESES\/2013\/Tese%20Cassiano%20Ricardo%20Rech.pdf\">Tese \u2013 Cassiano Ricardo Rech<\/a>\n\n<a href=\"https:\/\/repositorio.ufsc.br\/bitstream\/handle\/123456789\/84715\/194330.pdf?seq\">Tese - Ciro Romelio Rodriguez A\u00f1ez<\/a>\n\n<a href=\"https:\/\/acervodigital.ufpr.br\/xmlui\/bitstream\/handle\/1884\/72595\/R%20-%20T%20-%20LEONARDO%20AUGUSTO%20BECKER.pdf?sequence=1&amp;isAllowed=y\">Tese - Leonardo Augusto Becker<\/a>\n\n<a href=\"https:\/\/acervodigital.ufpr.br\/bitstream\/handle\/1884\/52999\/R%20-%20T%20-%20MARILSON%20KIENTEKA.pdf?sequence=1\">Tese - Marilson Kienteka<\/a>\n\n<a href=\"https:\/\/acervodigital.ufpr.br\/bitstream\/handle\/1884\/49424\/R%20-%20T%20-%20PRISCILA%20BEZERRA%20GONCALVES.pdf?sequence=1&amp;isAllowed=y\">Tese - Priscila Bezerra Gon\u00e7alves<\/a>\n\n<a href=\"https:\/\/core.ac.uk\/download\/pdf\/30382866.pdf\">Tese \u2013 Rodrigo Siqueira Reis<\/a>\n\n<a href=\"https:\/\/www.acervodigital.ufpr.br\/bitstream\/handle\/1884\/27982\/R%20-%20T%20-%20ROGERIO%20CESAR%20FERMINO.pdf%3Bsequence=1\">Tese \u2013 Rog\u00e9rio Cesar Fermino<\/a>","footnotes":""},"class_list":["post-633","page","type-page","status-publish","hentry"],"_links":{"self":[{"href":"https:\/\/gpaq.com.br\/index.php?rest_route=\/wp\/v2\/pages\/633","targetHints":{"allow":["GET"]}}],"collection":[{"href":"https:\/\/gpaq.com.br\/index.php?rest_route=\/wp\/v2\/pages"}],"about":[{"href":"https:\/\/gpaq.com.br\/index.php?rest_route=\/wp\/v2\/types\/page"}],"author":[{"embeddable":true,"href":"https:\/\/gpaq.com.br\/index.php?rest_route=\/wp\/v2\/users\/3"}],"replies":[{"embeddable":true,"href":"https:\/\/gpaq.com.br\/index.php?rest_route=%2Fwp%2Fv2%2Fcomments&post=633"}],"version-history":[{"count":43,"href":"https:\/\/gpaq.com.br\/index.php?rest_route=\/wp\/v2\/pages\/633\/revisions"}],"predecessor-version":[{"id":3407,"href":"https:\/\/gpaq.com.br\/index.php?rest_route=\/wp\/v2\/pages\/633\/revisions\/3407"}],"wp:attachment":[{"href":"https:\/\/gpaq.com.br\/index.php?rest_route=%2Fwp%2Fv2%2Fmedia&parent=633"}],"curies":[{"name":"wp","href":"https:\/\/api.w.org\/{rel}","templated":true}]}}