{"id":596,"date":"2014-07-07T10:12:28","date_gmt":"2014-07-07T13:12:28","guid":{"rendered":"http:\/\/gpaq.relevantes.com.br\/?page_id=596"},"modified":"2024-07-08T17:36:21","modified_gmt":"2024-07-08T20:36:21","slug":"agenda","status":"publish","type":"page","link":"https:\/\/gpaq.com.br\/?page_id=596","title":{"rendered":"Agenda"},"content":{"rendered":"[et_pb_section fb_built=&#8221;1&#8243; fullwidth=&#8221;on&#8221; _builder_version=&#8221;3.22.7&#8243;][et_pb_fullwidth_header title=&#8221;AGENDA&#8221; _builder_version=&#8221;3.22.7&#8243; title_font=&#8221;||||||||&#8221; title_text_align=&#8221;center&#8221; title_text_color=&#8221;#ffffff&#8221; background_color=&#8221;#0c71c3&#8243;][\/et_pb_fullwidth_header][\/et_pb_section][et_pb_section fb_built=&#8221;1&#8243; admin_label=&#8221;section&#8221; _builder_version=&#8221;3.22.3&#8243; custom_margin=&#8221;||-28px|||&#8221;][et_pb_row _builder_version=&#8221;3.22.7&#8243;][et_pb_column type=&#8221;1_2&#8243; _builder_version=&#8221;3.22.7&#8243;][et_pb_text _builder_version=&#8221;3.22.7&#8243;]<h3><strong>REUNI\u00d5ES DO GRUPO<\/strong><\/h3>\n<p><!-- \/wp:heading --><\/p>\n<p><!-- wp:paragraph --><\/p>\n<p>As reuni\u00f5es do <strong>GPAQ<\/strong> acontecem semanalmente, em nosso laborat\u00f3rio, situado no Gin\u00e1sio de Esportes da PUCPR. Interessados em participar devem entrar em <a href=\"https:\/\/gpaq.com.br\/?page_id=868\">contato<\/a>\u00a0por e-mail ou nossas redes sociais.<\/p>[\/et_pb_text][\/et_pb_column][et_pb_column type=&#8221;1_2&#8243; _builder_version=&#8221;3.22.7&#8243;][et_pb_text _builder_version=&#8221;3.22.7&#8243;]<p><img loading=\"lazy\" decoding=\"async\" src=\"https:\/\/gpaq.com.br\/wp-content\/uploads\/2024\/07\/Imagem-do-WhatsApp-de-2024-03-08-as-16.20.42_f46ad660-750x465.jpg\" width=\"750\" height=\"465\" alt=\"\" class=\"wp-image-3373 aligncenter size-thumbnail\" \/><\/p>[\/et_pb_text][\/et_pb_column][\/et_pb_row][\/et_pb_section][et_pb_section fb_built=&#8221;1&#8243; fullwidth=&#8221;on&#8221; _builder_version=&#8221;3.22.7&#8243; custom_margin=&#8221;||-1px|||&#8221;][\/et_pb_section]","protected":false},"excerpt":{"rendered":"<p>[et_pb_section fb_built=&#8221;1&#8243; fullwidth=&#8221;on&#8221; _builder_version=&#8221;3.22.7&#8243;][et_pb_fullwidth_header title=&#8221;AGENDA&#8221; _builder_version=&#8221;3.22.7&#8243; title_font=&#8221;||||||||&#8221; title_text_align=&#8221;center&#8221; title_text_color=&#8221;#ffffff&#8221; background_color=&#8221;#0c71c3&#8243;][\/et_pb_fullwidth_header][\/et_pb_section][et_pb_section fb_built=&#8221;1&#8243; admin_label=&#8221;section&#8221; _builder_version=&#8221;3.22.3&#8243; custom_margin=&#8221;||-28px|||&#8221;][et_pb_row _builder_version=&#8221;3.22.7&#8243;][et_pb_column type=&#8221;1_2&#8243; _builder_version=&#8221;3.22.7&#8243;][et_pb_text _builder_version=&#8221;3.22.7&#8243;] REUNI\u00d5ES DO GRUPO As reuni\u00f5es do GPAQ acontecem semanalmente, em nosso laborat\u00f3rio, situado no Gin\u00e1sio de Esportes da PUCPR. Interessados em participar devem entrar em contato\u00a0por e-mail ou nossas redes sociais. [\/et_pb_text][\/et_pb_column][et_pb_column type=&#8221;1_2&#8243; _builder_version=&#8221;3.22.7&#8243;][et_pb_text _builder_version=&#8221;3.22.7&#8243;] [\/et_pb_text][\/et_pb_column][\/et_pb_row][\/et_pb_section][et_pb_section fb_built=&#8221;1&#8243; [&hellip;]<\/p>\n","protected":false},"author":3,"featured_media":0,"parent":0,"menu_order":0,"comment_status":"closed","ping_status":"closed","template":"","meta":{"_et_pb_use_builder":"on","_et_pb_old_content":"<!-- wp:heading {\"level\":4} -->\n<h4>LISTA DE PR\u00d3XIMOS EVENTOS<\/h4>\n<!-- \/wp:heading -->\n\n<!-- wp:paragraph -->\n<p><em>em manuten\u00e7\u00e3o<\/em><\/p>\n<!-- \/wp:paragraph -->\n\n<!-- wp:heading {\"level\":4} -->\n<h4>REUNI\u00d5ES DO GRUPO<\/h4>\n<!-- \/wp:heading -->\n\n<!-- wp:paragraph -->\n<p>As reuni\u00f5es do <strong>GPAQ<\/strong> acontecem toda <strong>sexta-feira \u00e0s 14hs<\/strong>, em nosso laborat\u00f3rio, situado no gin\u00e1sio de esportes do curso de Educa\u00e7\u00e3o F\u00edsica da PUCPR.<\/p>\n<!-- \/wp:paragraph -->","footnotes":""},"class_list":["post-596","page","type-page","status-publish","hentry"],"_links":{"self":[{"href":"https:\/\/gpaq.com.br\/index.php?rest_route=\/wp\/v2\/pages\/596","targetHints":{"allow":["GET"]}}],"collection":[{"href":"https:\/\/gpaq.com.br\/index.php?rest_route=\/wp\/v2\/pages"}],"about":[{"href":"https:\/\/gpaq.com.br\/index.php?rest_route=\/wp\/v2\/types\/page"}],"author":[{"embeddable":true,"href":"https:\/\/gpaq.com.br\/index.php?rest_route=\/wp\/v2\/users\/3"}],"replies":[{"embeddable":true,"href":"https:\/\/gpaq.com.br\/index.php?rest_route=%2Fwp%2Fv2%2Fcomments&post=596"}],"version-history":[{"count":18,"href":"https:\/\/gpaq.com.br\/index.php?rest_route=\/wp\/v2\/pages\/596\/revisions"}],"predecessor-version":[{"id":3383,"href":"https:\/\/gpaq.com.br\/index.php?rest_route=\/wp\/v2\/pages\/596\/revisions\/3383"}],"wp:attachment":[{"href":"https:\/\/gpaq.com.br\/index.php?rest_route=%2Fwp%2Fv2%2Fmedia&parent=596"}],"curies":[{"name":"wp","href":"https:\/\/api.w.org\/{rel}","templated":true}]}}